{"id":334,"date":"2016-03-30T08:02:00","date_gmt":"2016-03-30T08:02:00","guid":{"rendered":"http:\/\/aurarustica-travel.com\/hr\/contact\/"},"modified":"2019-04-29T13:05:22","modified_gmt":"2019-04-29T13:05:22","slug":"kontakt","status":"publish","type":"page","link":"https:\/\/aurarustica-travel.com\/hr\/kontakt\/","title":{"rendered":"Kontakt"},"content":{"rendered":"<section class=\"wpb-content-wrapper\"><p>[vc_row][vc_column width=&#8221;7\/12&#8243;]<h1>Podaci za kontakt<strong><\/strong><\/h1>[vc_column_text]<\/p>\n<h5><strong>Aura Rustica<\/strong>\u00a0putni\u010dka agencija<\/h5>\n<p>49245 Gornja Stubica,<br \/>\nSamci 62<\/p>\n<p>+385 98 18 56 789<br \/>\n+385 91 89 27 647<br \/>\ninfo@aurarustica-travel.com<\/p>\n<p>Upis: Trgova\u010dki sud u Zagrebu;<br \/>\nBroj upisa: Tt-12\/7869-6;<br \/>\nTemeljni kapital 20.000,00 Kn<\/p>\n<p>OIB 86147185595;<br \/>\nMBS 080802376;<br \/>\nID HR-AB-49-080802376<br \/>\nIBAN: HR53 2340009 111 0693 798;<br \/>\nDru\u0161tvo zastupa Dubravka Skuliber Stakor, osniva\u010d i direktor<br \/>\nVoditelj poslova: Kristina Stakor<br \/>\nRadno vrijeme poslovnice: ponedjeljak \u2013 petak, 09-17h<br \/>\nPodno\u0161enje prigovora: osobno u poslovnici ili na e-mail: info@aurarustica-travel.com<br \/>\nNadle\u017eno tijelo: Dr\u017eavni inspektorat, Turisti\u010dka inspekcija, \u0160ubi\u0107eva 29, 10000 Zagreb<\/p>\n<p><a href=\"http:\/\/aurarustica-travel.com\/wp-content\/uploads\/2018\/02\/Op\u0107i-uvjeti-putovanja-Aura-Rustica-NA-HRVATSKOM.pdf\" target=\"_blank\" rel=\"noopener\">Op\u0107i uvjeti poslovanja<\/a><\/p>\n<p><a href=\"http:\/\/aurarustica-travel.com\/wp-content\/uploads\/2019\/02\/Obrazac-sa-standardnim-informacijama-za-ugovore-o-putovanju-u-paket.pdf\">Obrazac sa standardnim informacijama za ugovore o putovanju u paket aran\u017emanu<\/a><\/p>\n<p>Aura Rustica putni\u010dka agencija d.o.o. posluje u skladu s Op\u0107om uredbom o za\u0161titi podataka te provedbenim aktima Republike Hrvatske kojima je regulirana za\u0161tita podataka. U poslovanju po\u0161tujemo privatnost svojih klijenata te osobne podatke koristimo sukladno zakonu za potrebe potvrde rezervacija i komunikaciju vezano uz realizaciju Va\u0161ih putovanja. Va\u0161i osobni podaci bit \u0107e bri\u017eljivo \u010duvani te ne\u0107e biti dati na kori\u0161tenje, niti biti dostupni tre\u0107im osobama, osim kada je takva potreba vezana uz realizaciju ugovorene usluge ili regulirana zakonom. Za dodatne informacije mo\u017eete nam se obratiti putem e-mail adrese info@aurarustica-travel.com[\/vc_column_text][\/vc_column][vc_column width=&#8221;5\/12&#8243; css=&#8221;.vc_custom_1459327121012{padding-top: 10px !important;}&#8221;]\n<div class=\"wpcf7 no-js\" id=\"wpcf7-f990-o1\" lang=\"en-US\" dir=\"ltr\">\n<div class=\"screen-reader-response\"><p role=\"status\" aria-live=\"polite\" aria-atomic=\"true\"><\/p> <ul><\/ul><\/div>\n<form action=\"\/hr\/wp-json\/wp\/v2\/pages\/334#wpcf7-f990-o1\" method=\"post\" class=\"wpcf7-form init\" aria-label=\"Contact form\" novalidate=\"novalidate\" data-status=\"init\">\n<div style=\"display: none;\">\n<input type=\"hidden\" name=\"_wpcf7\" value=\"990\" \/>\n<input type=\"hidden\" name=\"_wpcf7_version\" value=\"5.8.3\" \/>\n<input type=\"hidden\" name=\"_wpcf7_locale\" value=\"en_US\" \/>\n<input type=\"hidden\" name=\"_wpcf7_unit_tag\" value=\"wpcf7-f990-o1\" \/>\n<input type=\"hidden\" name=\"_wpcf7_container_post\" value=\"0\" \/>\n<input type=\"hidden\" name=\"_wpcf7_posted_data_hash\" value=\"\" \/>\n<input type=\"hidden\" name=\"_wpcf7_recaptcha_response\" value=\"\" \/>\n<\/div>\n<div class=\"contact\">\n\t<p><span class=\"wpcf7-form-control-wrap\" data-name=\"your-name\"><input size=\"40\" class=\"wpcf7-form-control wpcf7-text wpcf7-validates-as-required\" aria-required=\"true\" aria-invalid=\"false\" placeholder=\"Va\u0161e ime\" value=\"\" type=\"text\" name=\"your-name\" \/><\/span><br \/>\n<span class=\"wpcf7-form-control-wrap\" data-name=\"your-email\"><input size=\"40\" class=\"wpcf7-form-control wpcf7-email wpcf7-validates-as-required wpcf7-text wpcf7-validates-as-email\" aria-required=\"true\" aria-invalid=\"false\" placeholder=\"Va\u0161 mail\" value=\"\" type=\"email\" name=\"your-email\" \/><\/span><span class=\"wpcf7-form-control-wrap\" data-name=\"your-tel\"><input size=\"40\" class=\"wpcf7-form-control wpcf7-tel wpcf7-text wpcf7-validates-as-tel\" aria-invalid=\"false\" placeholder=\"Telefon\" value=\"\" type=\"tel\" name=\"your-tel\" \/><\/span><br \/>\n<span class=\"wpcf7-form-control-wrap\" data-name=\"your-subject\"><input size=\"40\" class=\"wpcf7-form-control wpcf7-text\" aria-invalid=\"false\" placeholder=\"Naslov\" value=\"\" type=\"text\" name=\"your-subject\" \/><\/span><br \/>\n<span class=\"wpcf7-form-control-wrap\" data-name=\"your-message\"><textarea cols=\"40\" rows=\"10\" class=\"wpcf7-form-control wpcf7-textarea\" aria-invalid=\"false\" placeholder=\"Va\u0161a poruka\" name=\"your-message\"><\/textarea><\/span><br \/>\n<span class=\"wpcf7-form-control-wrap wpgdprc\"><span class=\"wpcf7-form-control wpcf7-wpgdprc wpcf7-validates-as-required\"><span class=\"wpcf7-list-item\"><input type=\"checkbox\" name=\"wpgdprc\" value=\"1\" aria-required=\"true\" aria-invalid=\"false\" \/><span class=\"wpcf7-list-item-label\">Upotrebom ovog obrasca prihva\u0107ate pravila privatnosti na ovoj web stranici.<\/span><\/span><\/span>    <\/span><br \/>\n<a href=\"http:\/\/aurarustica-travel.com\/wp-content\/uploads\/2018\/12\/GDPR-aurarusticaHR.pdf\" target=\"_blank\">Pravila privatnosti<\/a> mo\u017eete pro\u010ditati <a href=\"http:\/\/aurarustica-travel.com\/wp-content\/uploads\/2018\/12\/GDPR-aurarusticaHR.pdf\" target=\"_blank\">ovdje<\/a>. Za pristup Va\u0161im podacima po\u0161aljite <a href=\"http:\/\/aurarustica-travel.com\/hr\/data-access-request\/\">zahtjev<\/a>.<br \/>\n\t<br \/>\n<button type=\"submit\" class=\"button\">Po\u0161alji<\/button>\n\t<\/p>\n<\/div><div class=\"wpcf7-response-output\" aria-hidden=\"true\"><\/div>\n<\/form>\n<\/div>\n[\/vc_column][\/vc_row][vc_row][vc_column offset=&#8221;vc_hidden-lg&#8221;]<div class=\"custom-map-wrapper\"><div id=\"eas1565sad11\"><\/div><\/div><script type=\"text\/javascript\" src=\"\/\/maps.googleapis.com\/maps\/api\/js?v=3.exp&key=AIzaSyCanqbNh3j0F6UXoLRTDHyd_FddMJL8C2I\"><\/script><script type=\"text\/javascript\">\n            \/\/ When the window has finished loading create our google map below\n            google.maps.event.addDomListener(window, \"load\", init);\n        \n            function init() {\n                \/\/ Basic options for a simple Google Map\n                \/\/ For more options see: https:\/\/developers.google.com\/maps\/documentation\/javascript\/reference#MapOptions\n                var mapOptions = {\n                    \/\/ How zoomed in you want the map to start at (always required)\n                    zoom: 16,\n\n                    \/\/ The latitude and longitude to center the map (always required)\n                    center: new google.maps.LatLng(45.9851997,16.0160372),\n\n                    \/\/ Disable scrollTop\n                    scrollwheel:  false,\n                    draggable: false,\n\n                    \/\/ How you would like to style the map. \n                    \/\/ This is where you would paste any style found on Snazzy Maps.\n                    styles: [{\"featureType\":\"road\",\"elementType\":\"geometry\",\"stylers\":[{\"lightness\":100},{\"visibility\":\"simplified\"}]},{\"featureType\":\"water\",\"elementType\":\"geometry\",\"stylers\":[{\"visibility\":\"on\"},{\"color\":\"#C6E2FF\"}]},{\"featureType\":\"poi\",\"elementType\":\"geometry.fill\",\"stylers\":[{\"color\":\"#C5E3BF\"}]},{\"featureType\":\"road\",\"elementType\":\"geometry.fill\",\"stylers\":[{\"color\":\"#D1D1B8\"}]}],\n\n                    mapTypeId: google.maps.MapTypeId.ROADMAP  \/\/ ROADMAP, SATELLITE, HYBRID, TERRAIN \n                };\n\n                \/\/ Get the HTML DOM element that will contain your map \n                \/\/ We are using a div with id=\"map\" seen below in the <body>\n                var mapElement = document.getElementById(\"eas1565sad11\");                \n\n                \/\/ Create the Google Map using our element and options defined above\n                var map_eas1565sad11 = new google.maps.Map(mapElement, mapOptions);\n\n\n                \/\/ Let`s also add a marker while we`re at it\n                var marker = new google.maps.Marker({\n                    position: new google.maps.LatLng(45.9851997,16.0160372),\n                    map: map_eas1565sad11,\n                    title: \"Aura Rustica\"\n                });\n\n\t\t\t\tvar infowindow = new google.maps.InfoWindow({\n\t\t\t\t\tcontent: \"Aura Rustica\"\n\t\t\t\t});\n\t\t\t\tmarker.addListener(\"click\", function() {\n\t\t\t\t    infowindow.open(map_eas1565sad11, marker);\n\t\t\t\t});\n            }\n        <\/script>\n        <style type=\"text\/css\">\n\t        #eas1565sad11 {\n\t        \theight: 450px;\n\t        \twidth: 100%;\n\t        }\n        <\/style>[\/vc_column][\/vc_row]<\/p>\n<\/section>","protected":false},"excerpt":{"rendered":"<p>[vc_row][vc_column width=&#8221;7\/12&#8243;][vc_column_text] Aura Rustica\u00a0putni\u010dka agencija 49245 Gornja Stubica, Samci 62 +385 98 18 56 789 +385 91 89 27 647 info@aurarustica-travel.com Upis: Trgova\u010dki sud u Zagrebu; Broj upisa: Tt-12\/7869-6; Temeljni kapital 20.000,00 Kn OIB 86147185595; MBS 080802376; ID HR-AB-49-080802376 IBAN: HR53 2340009 111 0693 [&hellip;]<\/p>\n","protected":false},"author":1,"featured_media":0,"parent":0,"menu_order":0,"comment_status":"closed","ping_status":"closed","template":"","meta":{"footnotes":""},"_links":{"self":[{"href":"https:\/\/aurarustica-travel.com\/hr\/wp-json\/wp\/v2\/pages\/334"}],"collection":[{"href":"https:\/\/aurarustica-travel.com\/hr\/wp-json\/wp\/v2\/pages"}],"about":[{"href":"https:\/\/aurarustica-travel.com\/hr\/wp-json\/wp\/v2\/types\/page"}],"author":[{"embeddable":true,"href":"https:\/\/aurarustica-travel.com\/hr\/wp-json\/wp\/v2\/users\/1"}],"replies":[{"embeddable":true,"href":"https:\/\/aurarustica-travel.com\/hr\/wp-json\/wp\/v2\/comments?post=334"}],"version-history":[{"count":11,"href":"https:\/\/aurarustica-travel.com\/hr\/wp-json\/wp\/v2\/pages\/334\/revisions"}],"predecessor-version":[{"id":1183,"href":"https:\/\/aurarustica-travel.com\/hr\/wp-json\/wp\/v2\/pages\/334\/revisions\/1183"}],"wp:attachment":[{"href":"https:\/\/aurarustica-travel.com\/hr\/wp-json\/wp\/v2\/media?parent=334"}],"curies":[{"name":"wp","href":"https:\/\/api.w.org\/{rel}","templated":true}]}}