{"id":317,"date":"2016-03-30T11:06:45","date_gmt":"2016-03-30T11:06:45","guid":{"rendered":"http:\/\/aurarustica-travel.com\/hr\/about-us\/"},"modified":"2020-02-24T10:41:46","modified_gmt":"2020-02-24T10:41:46","slug":"about-us","status":"publish","type":"page","link":"https:\/\/aurarustica-travel.com\/hr\/about-us\/","title":{"rendered":"O nama"},"content":{"rendered":"<section class=\"wpb-content-wrapper\"><p>[vc_row][vc_column width=&#8221;1\/2&#8243;]<h1>Aura Rustica<strong>putni\u010dka agencija<\/strong><\/h1>[vc_column_text]Aura Rustica\u00a0putni\u010dka agencija\u00a0nudi \u0161iroki spektar vodstava i izleta u Hrvatskoj i inozemstvu s profesionalnim i licenciranim vodi\u010dima.\u00a0Nudimo vodstva na engleskom, \u0161panjolskom, njema\u010dkom i hrvatskom, kao i druge usluge poput smje\u0161taja, rezervacija, prijevoza, asistencija na aerodromu, organizaciju evenata, konferencija, kulturalnih, vjerskih, gastronomskih i aktivnih tura.<br \/>\nNa\u0161i su programi ra\u0111eni po mjeri, uzimaju\u0107i u obzir prije svega Va\u0161e preferencije, vrijeme, veli\u010dinu grupe i posebnosti.<\/p>\n<p>Vjerujemo u timski rad i pru\u017eamo punu podr\u0161ku na\u0161im inozemnim i doma\u0107im partnerima. Na\u0161 tim njeguje dobra partnerstva s drugim tour operatorima, agentima i tvrtkama. Na\u0161i se partneri mogu u nas potpuno pouzdati.[\/vc_column_text][\/vc_column][vc_column width=&#8221;1\/2&#8243;][vc_single_image image=&#8221;103&#8243; img_size=&#8221;large&#8221; alignment=&#8221;center&#8221;][\/vc_column][\/vc_row][vc_row][vc_column]<h2><strong>Na\u0161 tim<\/strong><\/h2>[\/vc_column][\/vc_row][vc_row][vc_column width=&#8221;1\/2&#8243;][vc_single_image image=&#8221;1322&#8243; img_size=&#8221;200&#215;200&#8243; alignment=&#8221;center&#8221; style=&#8221;vc_box_circle_2&#8243;][vc_column_text]<\/p>\n<h4 style=\"text-align: center;\">Kristina Stakor<\/h4>\n<p style=\"text-align: justify;\">Kao povjesni\u010darka umjetnosti koja govori engleski, \u0161panjolski, talijanski (i, naravno, hrvatski) i obo\u017eava putovati, posao turisti\u010dkog vodi\u010da \u010dinio se kao logi\u010dan izbor. Kako \u017eivim u Zagrebu cijeli \u017eivot, poznajem grad kao svoj d\u017eep i znam najbolja mjesta na kojima mo\u017eete probati doma\u0107e specijalitete, kupiti vino ili neki suvenir i voljela bih svoja omiljena mjesta u gradu podijeliti s vama!<\/p>\n<p>[\/vc_column_text][\/vc_column][\/vc_row]<\/p>\n<\/section>","protected":false},"excerpt":{"rendered":"<p>[vc_row][vc_column width=&#8221;1\/2&#8243;][vc_column_text]Aura Rustica\u00a0putni\u010dka agencija\u00a0nudi \u0161iroki spektar vodstava i izleta u Hrvatskoj i inozemstvu s profesionalnim i licenciranim vodi\u010dima.\u00a0Nudimo vodstva na engleskom, \u0161panjolskom, njema\u010dkom i hrvatskom, kao i druge usluge poput smje\u0161taja, rezervacija, prijevoza, asistencija na aerodromu, organizaciju evenata, konferencija, kulturalnih, vjerskih, gastronomskih i aktivnih [&hellip;]<\/p>\n","protected":false},"author":1,"featured_media":0,"parent":0,"menu_order":0,"comment_status":"closed","ping_status":"closed","template":"","meta":{"footnotes":""},"_links":{"self":[{"href":"https:\/\/aurarustica-travel.com\/hr\/wp-json\/wp\/v2\/pages\/317"}],"collection":[{"href":"https:\/\/aurarustica-travel.com\/hr\/wp-json\/wp\/v2\/pages"}],"about":[{"href":"https:\/\/aurarustica-travel.com\/hr\/wp-json\/wp\/v2\/types\/page"}],"author":[{"embeddable":true,"href":"https:\/\/aurarustica-travel.com\/hr\/wp-json\/wp\/v2\/users\/1"}],"replies":[{"embeddable":true,"href":"https:\/\/aurarustica-travel.com\/hr\/wp-json\/wp\/v2\/comments?post=317"}],"version-history":[{"count":8,"href":"https:\/\/aurarustica-travel.com\/hr\/wp-json\/wp\/v2\/pages\/317\/revisions"}],"predecessor-version":[{"id":1325,"href":"https:\/\/aurarustica-travel.com\/hr\/wp-json\/wp\/v2\/pages\/317\/revisions\/1325"}],"wp:attachment":[{"href":"https:\/\/aurarustica-travel.com\/hr\/wp-json\/wp\/v2\/media?parent=317"}],"curies":[{"name":"wp","href":"https:\/\/api.w.org\/{rel}","templated":true}]}}