{"id":316,"date":"2016-03-30T11:06:45","date_gmt":"2016-03-30T11:06:45","guid":{"rendered":"http:\/\/aurarustica-travel.com\/es\/about-us\/"},"modified":"2023-11-30T15:20:41","modified_gmt":"2023-11-30T15:20:41","slug":"about-us","status":"publish","type":"page","link":"https:\/\/aurarustica-travel.com\/es\/about-us\/","title":{"rendered":"Quienes somos"},"content":{"rendered":"<section class=\"wpb-content-wrapper\"><p>[vc_row][vc_column width=&#8221;1\/2&#8243;]<h1>Aura Rustica<strong>agencia de viajes<\/strong><\/h1>[vc_column_text]<\/p>\n<p style=\"text-align: justify;\">Aura Rustica es una agencia de viajes que ofrece una gran variedad de giras y excursiones guiadas por Croacia y el extranjero, con gu\u00edas especializados y profesionales. Proporcionamos servicios de gu\u00edas tur\u00edsticos en ingl\u00e9s, espa\u00f1ol y croata, y tambi\u00e9n otro tipo de servicios tur\u00edsticos, como\u00a0 alojamiento, reservaciones, transporte y gu\u00eda, asistencia en el aeropuerto, organizaci\u00f3n de eventos, incentivos, conferencias, y giras culturales, religiosas, gastron\u00f3micas o activas. Nuestros programas est\u00e1n hechos a medida, tomando en cuenta las preferencias del cliente, su tiempo disponible, el tama\u00f1o del grupo, y tambi\u00e9n otros requisitos.<\/p>\n<div class=\"t pg-1m0 pg-1x0 pg-1h4 pg-1y26 pg-1ff2 pg-1fs0 pg-1fc0 pg-1sc0 pg-1ls0 pg-1ws0\" style=\"text-align: justify;\">Creemos en el trabajo en equipo y ofrecemos todo nuestro apoyo a los socios dom\u00e9sticos e internacionales. Nuestro equipo cultiva buenas relaciones con los operadores tur\u00edsticos, agentes y compa\u00f1\u00edas. Nuestros socios pueden confiar en nosotros plenamente.Nuestra misi\u00f3n es proporcionar excelencia en la gerencia de destino. Nuestra visi\u00f3n es el cliente satisfechoque siempre regresa.<\/div>\n<p>[\/vc_column_text][\/vc_column][vc_column width=&#8221;1\/2&#8243;][vc_single_image image=&#8221;103&#8243; img_size=&#8221;large&#8221; alignment=&#8221;center&#8221;][\/vc_column][\/vc_row][vc_row][vc_column]<h2><strong>Nuestro equipo<\/strong><\/h2>[\/vc_column][\/vc_row][vc_row][vc_column width=&#8221;1\/2&#8243;][vc_single_image image=&#8221;1318&#8243; img_size=&#8221;200&#215;200&#8243; alignment=&#8221;center&#8221; style=&#8221;vc_box_circle_2&#8243;][vc_column_text]<\/p>\n<h4 style=\"text-align: center;\">Kristina Stakor<\/h4>\n<p>Como historiadora del arte que habla ingl\u00e9s, espa\u00f1ol, italiano (y, por supuesto, croata) que la encanta viajar, ser gu\u00eda tur\u00edstica fue una elecci\u00f3n l\u00f3gica. Nac\u00edda en Zagreb, aprend\u00ed cu\u00e1les son los mejores lugares para probar la cocina local, comprar vino o recuerdos, \u00a1y me encantar\u00eda compartir mis lugares favoritos contigo![\/vc_column_text][\/vc_column][\/vc_row]<\/p>\n<\/section>","protected":false},"excerpt":{"rendered":"<p>[vc_row][vc_column width=&#8221;1\/2&#8243;][vc_column_text] Aura Rustica es una agencia de viajes que ofrece una gran variedad de giras y excursiones guiadas por Croacia y el extranjero, con gu\u00edas especializados y profesionales. Proporcionamos servicios de gu\u00edas tur\u00edsticos en ingl\u00e9s, espa\u00f1ol y croata, y tambi\u00e9n otro tipo de [&hellip;]<\/p>\n","protected":false},"author":1,"featured_media":0,"parent":0,"menu_order":0,"comment_status":"closed","ping_status":"closed","template":"","meta":{"footnotes":""},"_links":{"self":[{"href":"https:\/\/aurarustica-travel.com\/es\/wp-json\/wp\/v2\/pages\/316"}],"collection":[{"href":"https:\/\/aurarustica-travel.com\/es\/wp-json\/wp\/v2\/pages"}],"about":[{"href":"https:\/\/aurarustica-travel.com\/es\/wp-json\/wp\/v2\/types\/page"}],"author":[{"embeddable":true,"href":"https:\/\/aurarustica-travel.com\/es\/wp-json\/wp\/v2\/users\/1"}],"replies":[{"embeddable":true,"href":"https:\/\/aurarustica-travel.com\/es\/wp-json\/wp\/v2\/comments?post=316"}],"version-history":[{"count":8,"href":"https:\/\/aurarustica-travel.com\/es\/wp-json\/wp\/v2\/pages\/316\/revisions"}],"predecessor-version":[{"id":1747,"href":"https:\/\/aurarustica-travel.com\/es\/wp-json\/wp\/v2\/pages\/316\/revisions\/1747"}],"wp:attachment":[{"href":"https:\/\/aurarustica-travel.com\/es\/wp-json\/wp\/v2\/media?parent=316"}],"curies":[{"name":"wp","href":"https:\/\/api.w.org\/{rel}","templated":true}]}}