{"id":266,"date":"2016-03-25T11:26:15","date_gmt":"2016-03-25T11:26:15","guid":{"rendered":"http:\/\/aurarustica-travel.com\/hr\/homepage\/"},"modified":"2023-11-30T15:38:49","modified_gmt":"2023-11-30T15:38:49","slug":"naslovna","status":"publish","type":"page","link":"http:\/\/aurarustica-travel.com\/hr\/","title":{"rendered":"Naslovna"},"content":{"rendered":"<section class=\"wpb-content-wrapper\"><p>[vc_row css=&#8221;.vc_custom_1459245350066{margin-bottom: 45px !important;}&#8221;][vc_column width=&#8221;1\/2&#8243;]<h1 class=\"wpb_animate_when_almost_visible wpb_left-to-right\" >Aura Rustica<strong>travel<\/strong><\/h1>[vc_column_text css_animation=&#8221;left-to-right&#8221;]Aura Rustica putni\u010dka agencija d.o.o. nudi razne ture i izlete u Hrvatskoj i inozemstvu s profesionalnim i licenciranim vodi\u010dima.<\/p>\n<p>Nudimo vo\u0111enja na hrvatskom, engleskom i \u0161panjolskom jeziku, kao i druge usluge poput rezervacija smje\u0161taja i usluga, prijevoz i vo\u0111enje, asistencije u zra\u010dnoj luci, organizaciju evenata, konferencija, kulturne, religijske, gastronomske i aktivne ture.<\/p>\n<p>Vjerujemo u timski rad i pru\u017eamo punu podr\u0161ku doma\u0107im i stranim partnerima. Njegujemo dobra partnerstva s drugim tour operatorima, agencijama i kompanijama.<\/p>\n<p>Na\u0161i partneri se mogu u potpunosti osloniti na nas. Kontaktirajte nas za sve dodatne informacije.[\/vc_column_text]<a href=\"http:\/\/aurarustica-travel.com\/contact\/\" class=\"button left wpb_animate_when_almost_visible wpb_left-to-right\">Kontaktirajte nas<\/a>[\/vc_column][vc_column width=&#8221;1\/2&#8243;][vc_single_image image=&#8221;1656&#8243; img_size=&#8221;large&#8221; alignment=&#8221;center&#8221; css_animation=&#8221;right-to-left&#8221;][\/vc_column][\/vc_row][vc_row full_width=&#8221;stretch_row&#8221; css=&#8221;.vc_custom_1459245293629{background-color: #f6f6f6 !important;}&#8221;][vc_column]<h2>Top destinacije<\/h2><div class=\"owl-carousel offer-blocks\"><div class=\"owl-item\"><div class=\"carousel-block-holder\"><div class=\"carousel-block multiple\">\n\t\t\t\t\t\t\t<img loading=\"lazy\" decoding=\"async\" width=\"384\" height=\"256\" src=\"http:\/\/aurarustica-travel.com\/wp-content\/uploads\/2025\/07\/IMG_5437-1-384x256.jpg\" class=\"attachment-carousel-block size-carousel-block wp-post-image\" alt=\"tura po hrvatskoj\" \/>\n\t\t\t\t\t\t\t<h3><span>Hrvatska<\/span>: Potpuni do\u017eivljaj<\/h3>\n\t\t\t\t\t\t\t<a href=\"http:\/\/aurarustica-travel.com\/hr\/destinacije\/complete-experience\/\" class=\"excerpt\">Vodimo vas na o\u010daravaju\u0107e putovanje kroz ba\u0161tinu, prirodu i okuse Hrvatske.  \r\nOd rimskih spomenika preko impozantnih utvrda do vinskih podruma, veli\u010danstvenih slapova i morskog plavetnila \u2013 Hrvatska se ponosi dugom i bogatom povije\u0161\u0107u, prirodnim ljepotama i izvrsnom eno i gastro scenom. <\/a><\/div><div class=\"carousel-block multiple\">\n\t\t\t\t\t\t\t<img loading=\"lazy\" decoding=\"async\" width=\"384\" height=\"256\" src=\"http:\/\/aurarustica-travel.com\/wp-content\/uploads\/2016\/03\/veduta-384x256.jpg\" class=\"attachment-carousel-block size-carousel-block wp-post-image\" alt=\"zagreb tour\" srcset=\"http:\/\/aurarustica-travel.com\/wp-content\/uploads\/2016\/03\/veduta-384x256.jpg 384w, http:\/\/aurarustica-travel.com\/wp-content\/uploads\/2016\/03\/veduta-300x199.jpg 300w, http:\/\/aurarustica-travel.com\/wp-content\/uploads\/2016\/03\/veduta.jpg 640w\" sizes=\"(max-width: 384px) 100vw, 384px\" \/>\n\t\t\t\t\t\t\t<h3>\u0160etnja starim Zagrebom<\/h3>\n\t\t\t\t\t\t\t<a href=\"http:\/\/aurarustica-travel.com\/hr\/destinacije\/stari-zagreb-vodstvo\/\" class=\"excerpt\">Otkrijte umjetnost, povijest i svakodnevni \u017eivot glavnog grada Hrvatske \u0161e\u0107u\u0107i s na\u0161im vodi\u010dima Gornjim gradom! <\/a><\/div><\/div><\/div><div class=\"owl-item\"><div class=\"carousel-block-holder\"><div class=\"carousel-block multiple\">\n\t\t\t\t\t\t\t<img loading=\"lazy\" decoding=\"async\" width=\"384\" height=\"256\" src=\"http:\/\/aurarustica-travel.com\/wp-content\/uploads\/2019\/12\/IMG_E7318-384x256.jpg\" class=\"attachment-carousel-block size-carousel-block wp-post-image\" alt=\"\" \/>\n\t\t\t\t\t\t\t<h3><span>Tajne<\/span> skrivene u bregima: Vikend u Zagorju<\/h3>\n\t\t\t\t\t\t\t<a href=\"http:\/\/aurarustica-travel.com\/hr\/destinacije\/vikend-u-zagorju\/\" class=\"excerpt\">Pitomi bre\u017euljci Hrvatskog Zagorja mnogo su vi\u0161e od pitoresknog pejza\u017ea: oni svjedo\u010de o milijunima godina Zemljine turbulentne povijesti. Dokazi o raznim geolo\u0161kim procesima iz vremena vulkanske aktivnosti i pradavnog Panonskog mora jo\u0161 su uvijek oko nas, a zaslu\u017eni su za jedinstvene karakteristike ovoga kraja zbog kojih mo\u017eemo u\u017eivati u termalnim vodama i izvrsnim vinima. <\/a><\/div><div class=\"carousel-block multiple\">\n\t\t\t\t\t\t\t<img loading=\"lazy\" decoding=\"async\" width=\"384\" height=\"256\" src=\"http:\/\/aurarustica-travel.com\/wp-content\/uploads\/2017\/01\/2016-06-24-16.20.21-384x256.jpg\" class=\"attachment-carousel-block size-carousel-block wp-post-image\" alt=\"\" \/>\n\t\t\t\t\t\t\t<h3><span>Plitvice<\/span> i Rastoke: Privatni izlet<\/h3>\n\t\t\t\t\t\t\t<a href=\"http:\/\/aurarustica-travel.com\/hr\/destinacije\/plitvice-rastoke\/\" class=\"excerpt\">Ljepote Plitvi\u010dkih jezera oduzimaju dah...<\/a><\/div><\/div><\/div><div class=\"owl-item\"><div class=\"carousel-block-holder\"><div class=\"carousel-block multiple\">\n\t\t\t\t\t\t\t<img loading=\"lazy\" decoding=\"async\" width=\"384\" height=\"256\" src=\"http:\/\/aurarustica-travel.com\/wp-content\/uploads\/2017\/05\/Truffle-plate-Prodan-Tartufi-384x256.jpg\" class=\"attachment-carousel-block size-carousel-block wp-post-image\" alt=\"truffles\" srcset=\"http:\/\/aurarustica-travel.com\/wp-content\/uploads\/2017\/05\/Truffle-plate-Prodan-Tartufi-384x256.jpg 384w, http:\/\/aurarustica-travel.com\/wp-content\/uploads\/2017\/05\/Truffle-plate-Prodan-Tartufi-300x201.jpg 300w, http:\/\/aurarustica-travel.com\/wp-content\/uploads\/2017\/05\/Truffle-plate-Prodan-Tartufi-768x513.jpg 768w, http:\/\/aurarustica-travel.com\/wp-content\/uploads\/2017\/05\/Truffle-plate-Prodan-Tartufi-1024x684.jpg 1024w\" sizes=\"(max-width: 384px) 100vw, 384px\" \/>\n\t\t\t\t\t\t\t<h3><span>Lov<\/span> na tartufe u Istri<\/h3>\n\t\t\t\t\t\t\t<a href=\"http:\/\/aurarustica-travel.com\/hr\/destinacije\/lov-na-tartufe\/\" class=\"excerpt\">Otkrijmo gastronomske tajne skrivene u srcu Istre!<\/a><\/div><div class=\"carousel-block multiple\">\n\t\t\t\t\t\t\t<img loading=\"lazy\" decoding=\"async\" width=\"384\" height=\"256\" src=\"http:\/\/aurarustica-travel.com\/wp-content\/uploads\/2016\/11\/IMG_2097-384x256.jpg\" class=\"attachment-carousel-block size-carousel-block wp-post-image\" alt=\"holidays in zagreb\" \/>\n\t\t\t\t\t\t\t<h3><span>Praznici<\/span> u Zagrebu<\/h3>\n\t\t\t\t\t\t\t<a href=\"http:\/\/aurarustica-travel.com\/hr\/destinacije\/zagreb-praznici\/\" class=\"excerpt\">Posjetitelji su odabrali Zagreb kao najbolju europsku bo\u017ei\u0107nu destinaciju i mi \u0107emo vam pokazati za\u0161to! Iskusite sami magi\u010dan bo\u017ei\u0107ni ugo\u0111aj u centru grada, isprobajte tipi\u010dna bo\u017ei\u0107na jela, fotografirajte nezaboravne trenutke , ugrijte se kuhanim vinom i u\u017eivajte u brojnim doga\u0111anjima!  <\/a><\/div><\/div><\/div><div class=\"owl-item\"><div class=\"carousel-block-holder\"><div class=\"carousel-block multiple\">\n\t\t\t\t\t\t\t<img loading=\"lazy\" decoding=\"async\" width=\"384\" height=\"256\" src=\"http:\/\/aurarustica-travel.com\/wp-content\/uploads\/2016\/03\/DJI_0060-384x256.jpg\" class=\"attachment-carousel-block size-carousel-block wp-post-image\" alt=\"\" srcset=\"http:\/\/aurarustica-travel.com\/wp-content\/uploads\/2016\/03\/DJI_0060-384x256.jpg 384w, http:\/\/aurarustica-travel.com\/wp-content\/uploads\/2016\/03\/DJI_0060-300x200.jpg 300w, http:\/\/aurarustica-travel.com\/wp-content\/uploads\/2016\/03\/DJI_0060-768x512.jpg 768w, http:\/\/aurarustica-travel.com\/wp-content\/uploads\/2016\/03\/DJI_0060.jpg 900w\" sizes=\"(max-width: 384px) 100vw, 384px\" \/>\n\t\t\t\t\t\t\t<h3><span>Krapina<\/span> &#038; Trako\u0161\u0107an: Izlet u Zagorje<\/h3>\n\t\t\t\t\t\t\t<a href=\"http:\/\/aurarustica-travel.com\/hr\/destinacije\/zagorje-krapina-trakoscan\/\" class=\"excerpt\">Slijede\u0107i tragove drevnih stanovnika ovoga kraja, otkrivamo ljepotu regije i njezinu dugu povijest posjetom Muzeju krapinskog neandertalca i o\u010daravaju\u0107em dvorcu Trako\u0161\u0107an! <\/a><\/div><div class=\"carousel-block multiple\">\n\t\t\t\t\t\t\t<img loading=\"lazy\" decoding=\"async\" width=\"384\" height=\"256\" src=\"http:\/\/aurarustica-travel.com\/wp-content\/uploads\/2016\/03\/DJI_0042-384x256.jpg\" class=\"attachment-carousel-block size-carousel-block wp-post-image\" alt=\"Veliki Tabor\" \/>\n\t\t\t\t\t\t\t<h3><span>Kumrovec<\/span> &#038; Veliki Tabor: Izlet u Zagorje<\/h3>\n\t\t\t\t\t\t\t<a href=\"http:\/\/aurarustica-travel.com\/hr\/destinacije\/zagorje-kumrovec-veliki-tabor\/\" class=\"excerpt\">Posjetite zelene bre\u017euljke gdje se stvarala povijest: od srednjovjekovnog dvorca do malog sela u kojem je ro\u0111en budu\u0107i politi\u010dki vo\u0111a, otkrijte legende i stvarne pri\u010de! <\/a><\/div><\/div><\/div><div class=\"owl-item\"><div class=\"carousel-block-holder\"><div class=\"carousel-block multiple\">\n\t\t\t\t\t\t\t<img loading=\"lazy\" decoding=\"async\" width=\"384\" height=\"256\" src=\"http:\/\/aurarustica-travel.com\/wp-content\/uploads\/2016\/03\/2-384x256.jpg\" class=\"attachment-carousel-block size-carousel-block wp-post-image\" alt=\"\" \/>\n\t\t\t\t\t\t\t<h3><span>Gornja<\/span> Stubica &#038; Marija Bistrica: Izlet u Zagorje<\/h3>\n\t\t\t\t\t\t\t<a href=\"http:\/\/aurarustica-travel.com\/hr\/destinacije\/zagorje-gornja-stubica-marija-bistrica\/\" class=\"excerpt\">Istra\u017eite zelene bre\u017euljke Hrvatskog zagorja, u\u017eivajte u pogledu na pejza\u017e, nau\u010dite ne\u0161to o povijesti i degustirajte lokalne specijalitete! <\/a><\/div><div class=\"carousel-block multiple\">\n\t\t\t\t\t\t\t<img loading=\"lazy\" decoding=\"async\" width=\"384\" height=\"256\" src=\"http:\/\/aurarustica-travel.com\/wp-content\/uploads\/2016\/03\/Zagreb1-384x256.jpg\" class=\"attachment-carousel-block size-carousel-block wp-post-image\" alt=\"private walking tour zagreb\" \/>\n\t\t\t\t\t\t\t<h3><span>Zagreb<\/span>: Gore\/Dolje<\/h3>\n\t\t\t\t\t\t\t<a href=\"http:\/\/aurarustica-travel.com\/hr\/destinacije\/zagreb-up-down\/\" class=\"excerpt\">\u0160etnja gradom koja vam pru\u017ea cjelovit uvid u Gornji i Donji grad, arhitekturu, povijest i svakodnevicu Zagreba!<\/a><\/div><\/div><\/div><\/div>[\/vc_column][\/vc_row][vc_row][vc_column]<h2>Posebne ponude<\/h2><div class=\"owl-carousel offer-blocks\">\n\t\t\t\t<div class=\"owl-item\">\n\t\t\t\t\t<div class=\"carousel-block-holder\">\n\t\t\t\t\t\t<div class=\"carousel-block\">\n\t\t\t\t\t\t\t<img loading=\"lazy\" decoding=\"async\" width=\"384\" height=\"256\" src=\"http:\/\/aurarustica-travel.com\/wp-content\/uploads\/2025\/07\/IMG_5437-1-384x256.jpg\" class=\"attachment-carousel-block size-carousel-block wp-post-image\" alt=\"tura po hrvatskoj\" \/>\n\t\t\t\t\t\t\t<h3><span>Hrvatska<\/span>: Potpuni do\u017eivljaj<\/h3>\n\t\t\t\t\t\t\t<a href=\"http:\/\/aurarustica-travel.com\/hr\/destinacije\/complete-experience\/\" class=\"excerpt\">Vodimo vas na o\u010daravaju\u0107e putovanje kroz ba\u0161tinu, prirodu i okuse Hrvatske.  \r\nOd rimskih spomenika preko impozantnih utvrda do vinskih podruma, veli\u010danstvenih slapova i morskog plavetnila \u2013 Hrvatska se ponosi dugom i bogatom povije\u0161\u0107u, prirodnim ljepotama i izvrsnom eno i gastro scenom. <\/a>\n\t\t\t\t\t\t<\/div>\n\t\t\t\t\t<\/div>\n\t\t\t\t<\/div>\n\t\t\t\t<div class=\"owl-item\">\n\t\t\t\t\t<div class=\"carousel-block-holder\">\n\t\t\t\t\t\t<div class=\"carousel-block\">\n\t\t\t\t\t\t\t<img loading=\"lazy\" decoding=\"async\" width=\"384\" height=\"256\" src=\"http:\/\/aurarustica-travel.com\/wp-content\/uploads\/2019\/12\/IMG_E7318-384x256.jpg\" class=\"attachment-carousel-block size-carousel-block wp-post-image\" alt=\"\" \/>\n\t\t\t\t\t\t\t<h3><span>Tajne<\/span> skrivene u bregima: Vikend u Zagorju<\/h3>\n\t\t\t\t\t\t\t<a href=\"http:\/\/aurarustica-travel.com\/hr\/destinacije\/vikend-u-zagorju\/\" class=\"excerpt\">Pitomi bre\u017euljci Hrvatskog Zagorja mnogo su vi\u0161e od pitoresknog pejza\u017ea: oni svjedo\u010de o milijunima godina Zemljine turbulentne povijesti. Dokazi o raznim geolo\u0161kim procesima iz vremena vulkanske aktivnosti i pradavnog Panonskog mora jo\u0161 su uvijek oko nas, a zaslu\u017eni su za jedinstvene karakteristike ovoga kraja zbog kojih mo\u017eemo u\u017eivati u termalnim vodama i izvrsnim vinima. <\/a>\n\t\t\t\t\t\t<\/div>\n\t\t\t\t\t<\/div>\n\t\t\t\t<\/div>\n\t\t\t\t<div class=\"owl-item\">\n\t\t\t\t\t<div class=\"carousel-block-holder\">\n\t\t\t\t\t\t<div class=\"carousel-block\">\n\t\t\t\t\t\t\t<img loading=\"lazy\" decoding=\"async\" width=\"384\" height=\"256\" src=\"http:\/\/aurarustica-travel.com\/wp-content\/uploads\/2017\/01\/2016-06-24-16.20.21-384x256.jpg\" class=\"attachment-carousel-block size-carousel-block wp-post-image\" alt=\"\" \/>\n\t\t\t\t\t\t\t<h3><span>Plitvice<\/span> i Rastoke: Privatni izlet<\/h3>\n\t\t\t\t\t\t\t<a href=\"http:\/\/aurarustica-travel.com\/hr\/destinacije\/plitvice-rastoke\/\" class=\"excerpt\">Ljepote Plitvi\u010dkih jezera oduzimaju dah...<\/a>\n\t\t\t\t\t\t<\/div>\n\t\t\t\t\t<\/div>\n\t\t\t\t<\/div>\n\t\t\t\t<div class=\"owl-item\">\n\t\t\t\t\t<div class=\"carousel-block-holder\">\n\t\t\t\t\t\t<div class=\"carousel-block\">\n\t\t\t\t\t\t\t<img loading=\"lazy\" decoding=\"async\" width=\"384\" height=\"256\" src=\"http:\/\/aurarustica-travel.com\/wp-content\/uploads\/2017\/05\/Truffle-plate-Prodan-Tartufi-384x256.jpg\" class=\"attachment-carousel-block size-carousel-block wp-post-image\" alt=\"truffles\" srcset=\"http:\/\/aurarustica-travel.com\/wp-content\/uploads\/2017\/05\/Truffle-plate-Prodan-Tartufi-384x256.jpg 384w, http:\/\/aurarustica-travel.com\/wp-content\/uploads\/2017\/05\/Truffle-plate-Prodan-Tartufi-300x201.jpg 300w, http:\/\/aurarustica-travel.com\/wp-content\/uploads\/2017\/05\/Truffle-plate-Prodan-Tartufi-768x513.jpg 768w, http:\/\/aurarustica-travel.com\/wp-content\/uploads\/2017\/05\/Truffle-plate-Prodan-Tartufi-1024x684.jpg 1024w\" sizes=\"(max-width: 384px) 100vw, 384px\" \/>\n\t\t\t\t\t\t\t<h3><span>Lov<\/span> na tartufe u Istri<\/h3>\n\t\t\t\t\t\t\t<a href=\"http:\/\/aurarustica-travel.com\/hr\/destinacije\/lov-na-tartufe\/\" class=\"excerpt\">Otkrijmo gastronomske tajne skrivene u srcu Istre!<\/a>\n\t\t\t\t\t\t<\/div>\n\t\t\t\t\t<\/div>\n\t\t\t\t<\/div>\n\t\t\t\t<div class=\"owl-item\">\n\t\t\t\t\t<div class=\"carousel-block-holder\">\n\t\t\t\t\t\t<div class=\"carousel-block\">\n\t\t\t\t\t\t\t<img loading=\"lazy\" decoding=\"async\" width=\"384\" height=\"256\" src=\"http:\/\/aurarustica-travel.com\/wp-content\/uploads\/2016\/11\/IMG_2097-384x256.jpg\" class=\"attachment-carousel-block size-carousel-block wp-post-image\" alt=\"holidays in zagreb\" \/>\n\t\t\t\t\t\t\t<h3><span>Praznici<\/span> u Zagrebu<\/h3>\n\t\t\t\t\t\t\t<a href=\"http:\/\/aurarustica-travel.com\/hr\/destinacije\/zagreb-praznici\/\" class=\"excerpt\">Posjetitelji su odabrali Zagreb kao najbolju europsku bo\u017ei\u0107nu destinaciju i mi \u0107emo vam pokazati za\u0161to! Iskusite sami magi\u010dan bo\u017ei\u0107ni ugo\u0111aj u centru grada, isprobajte tipi\u010dna bo\u017ei\u0107na jela, fotografirajte nezaboravne trenutke , ugrijte se kuhanim vinom i u\u017eivajte u brojnim doga\u0111anjima!  <\/a>\n\t\t\t\t\t\t<\/div>\n\t\t\t\t\t<\/div>\n\t\t\t\t<\/div>\n\t\t\t\t<div class=\"owl-item\">\n\t\t\t\t\t<div class=\"carousel-block-holder\">\n\t\t\t\t\t\t<div class=\"carousel-block\">\n\t\t\t\t\t\t\t<img loading=\"lazy\" decoding=\"async\" width=\"384\" height=\"256\" src=\"http:\/\/aurarustica-travel.com\/wp-content\/uploads\/2016\/03\/DJI_0060-384x256.jpg\" class=\"attachment-carousel-block size-carousel-block wp-post-image\" alt=\"\" srcset=\"http:\/\/aurarustica-travel.com\/wp-content\/uploads\/2016\/03\/DJI_0060-384x256.jpg 384w, http:\/\/aurarustica-travel.com\/wp-content\/uploads\/2016\/03\/DJI_0060-300x200.jpg 300w, http:\/\/aurarustica-travel.com\/wp-content\/uploads\/2016\/03\/DJI_0060-768x512.jpg 768w, http:\/\/aurarustica-travel.com\/wp-content\/uploads\/2016\/03\/DJI_0060.jpg 900w\" sizes=\"(max-width: 384px) 100vw, 384px\" \/>\n\t\t\t\t\t\t\t<h3><span>Krapina<\/span> &#038; Trako\u0161\u0107an: Izlet u Zagorje<\/h3>\n\t\t\t\t\t\t\t<a href=\"http:\/\/aurarustica-travel.com\/hr\/destinacije\/zagorje-krapina-trakoscan\/\" class=\"excerpt\">Slijede\u0107i tragove drevnih stanovnika ovoga kraja, otkrivamo ljepotu regije i njezinu dugu povijest posjetom Muzeju krapinskog neandertalca i o\u010daravaju\u0107em dvorcu Trako\u0161\u0107an! <\/a>\n\t\t\t\t\t\t<\/div>\n\t\t\t\t\t<\/div>\n\t\t\t\t<\/div>\n\t\t\t\t<div class=\"owl-item\">\n\t\t\t\t\t<div class=\"carousel-block-holder\">\n\t\t\t\t\t\t<div class=\"carousel-block\">\n\t\t\t\t\t\t\t<img loading=\"lazy\" decoding=\"async\" width=\"384\" height=\"256\" src=\"http:\/\/aurarustica-travel.com\/wp-content\/uploads\/2016\/03\/DJI_0042-384x256.jpg\" class=\"attachment-carousel-block size-carousel-block wp-post-image\" alt=\"Veliki Tabor\" \/>\n\t\t\t\t\t\t\t<h3><span>Kumrovec<\/span> &#038; Veliki Tabor: Izlet u Zagorje<\/h3>\n\t\t\t\t\t\t\t<a href=\"http:\/\/aurarustica-travel.com\/hr\/destinacije\/zagorje-kumrovec-veliki-tabor\/\" class=\"excerpt\">Posjetite zelene bre\u017euljke gdje se stvarala povijest: od srednjovjekovnog dvorca do malog sela u kojem je ro\u0111en budu\u0107i politi\u010dki vo\u0111a, otkrijte legende i stvarne pri\u010de! <\/a>\n\t\t\t\t\t\t<\/div>\n\t\t\t\t\t<\/div>\n\t\t\t\t<\/div>\n\t\t\t\t<div class=\"owl-item\">\n\t\t\t\t\t<div class=\"carousel-block-holder\">\n\t\t\t\t\t\t<div class=\"carousel-block\">\n\t\t\t\t\t\t\t<img loading=\"lazy\" decoding=\"async\" width=\"384\" height=\"256\" src=\"http:\/\/aurarustica-travel.com\/wp-content\/uploads\/2016\/03\/2-384x256.jpg\" class=\"attachment-carousel-block size-carousel-block wp-post-image\" alt=\"\" \/>\n\t\t\t\t\t\t\t<h3><span>Gornja<\/span> Stubica &#038; Marija Bistrica: Izlet u Zagorje<\/h3>\n\t\t\t\t\t\t\t<a href=\"http:\/\/aurarustica-travel.com\/hr\/destinacije\/zagorje-gornja-stubica-marija-bistrica\/\" class=\"excerpt\">Istra\u017eite zelene bre\u017euljke Hrvatskog zagorja, u\u017eivajte u pogledu na pejza\u017e, nau\u010dite ne\u0161to o povijesti i degustirajte lokalne specijalitete! <\/a>\n\t\t\t\t\t\t<\/div>\n\t\t\t\t\t<\/div>\n\t\t\t\t<\/div><\/div>[\/vc_column][\/vc_row][vc_row full_width=&#8221;stretch_row&#8221; css=&#8221;.vc_custom_1459774724223{margin-bottom: -80px !important;background-image: url(http:\/\/aurarustica-travel.com\/wp-content\/uploads\/2016\/03\/call-to-action-bg-compressor.jpg?id=337) !important;background-position: center !important;background-repeat: no-repeat !important;background-size: cover !important;}&#8221;][vc_column]\n\t\t\t<div class=\"call-to-action\">\n\t\t\t\t<div class=\"call-to-action-wrapper vc_col-sm-6 wpb_animate_when_almost_visible wpb_left-to-right\">\n\t\t\t\t\t<h3>Kontaktirajte nas<br \/>\n<strong>za savr\u0161eno putovanje<\/strong><\/h3>\n\t\t\t\t\t<h5>Aura Rustica za Vas kreira putovanja ba\u0161 po Va\u0161oj mjeri.<\/h5>\n\t\t\t\t\t<a href=\"http:\/\/aurarustica-travel.com\/contact\/\" class=\"button\">Kontaktirajte nas<\/a>\n\t\t\t\t<\/div>\n\t\t\t<\/div>\n\n\n\t\t\t[\/vc_column][\/vc_row][vc_row][vc_column][vc_column_text]<\/p>\n<p>&nbsp;<\/p>\n<h2><strong>Op\u0107e informacije o uvo\u0111enju EUR kao slu\u017ebene valute u RH<\/strong><\/h2>\n<p>&nbsp;<\/p>\n<h3><strong>01. sije\u010dnja 2023. euro postaje slu\u017ebena valuta u Republici Hrvatskoj<\/strong>.<\/h3>\n<p>Vije\u0107e Europske Unije je na sjednici odr\u017eanoj 12. srpnja 2022. donijelo Odluku o prihva\u0107anju eura u Hrvatskoj od dana 1. sije\u010dnja 2023, te Uredbu kojom se utvr\u0111uje fiksni te\u010daj konverzije kune u euro, a koji iznosi: <strong>1 euro = 7,53450 kuna<\/strong>.<\/p>\n<p>U razdoblju od 5. rujna 2022. pa do 31.12.2023. cijene za potro\u0161a\u010de iskazivat \u0107e se dvojno, u kunama i eurima, uz kori\u0161tenje slu\u017ebenog te\u010daja konverzije i primjenu pravila zaokru\u017eivanja sukladno Zakonu o uvo\u0111enju eura kao slu\u017ebene valute u Republici Hrvatskoj (NN 57\/2022), \u0161to zna\u010di da \u0107e se prera\u010dunavanje provoditi primjenom punog broj\u010danog iznosa fiksnog te\u010daja konverzije te dobiveni iznos zaokru\u010diti na dvije decimale u skladu s propisanim pravilima zaokru\u017eivanja.<\/p>\n<p>Postupak uvo\u0111enja eura ne\u0107e imati utjecaj na valjanost postoje\u0107ih pravnih instrumenata (ugovora, ra\u010duna i sli\u010dno) u kojima je navedena kuna te \u0107e se prera\u010dunavanje cijena i drugih nov\u010danih iskaza provoditi bez naknade, sukladno navedenim pravilima prera\u010dunavanja.<\/p>\n<p>[\/vc_column_text][\/vc_column][\/vc_row]<\/p>\n<\/section>","protected":false},"excerpt":{"rendered":"<p>[vc_row css=&#8221;.vc_custom_1459245350066{margin-bottom: 45px !important;}&#8221;][vc_column width=&#8221;1\/2&#8243;][vc_column_text css_animation=&#8221;left-to-right&#8221;]Aura Rustica putni\u010dka agencija d.o.o. nudi razne ture i izlete u Hrvatskoj i inozemstvu s profesionalnim i licenciranim vodi\u010dima. Nudimo vo\u0111enja na hrvatskom, engleskom i \u0161panjolskom jeziku, kao i druge usluge poput rezervacija smje\u0161taja i usluga, prijevoz i vo\u0111enje, [&hellip;]<\/p>\n","protected":false},"author":1,"featured_media":0,"parent":0,"menu_order":0,"comment_status":"closed","ping_status":"closed","template":"","meta":{"footnotes":""},"_links":{"self":[{"href":"http:\/\/aurarustica-travel.com\/hr\/wp-json\/wp\/v2\/pages\/266"}],"collection":[{"href":"http:\/\/aurarustica-travel.com\/hr\/wp-json\/wp\/v2\/pages"}],"about":[{"href":"http:\/\/aurarustica-travel.com\/hr\/wp-json\/wp\/v2\/types\/page"}],"author":[{"embeddable":true,"href":"http:\/\/aurarustica-travel.com\/hr\/wp-json\/wp\/v2\/users\/1"}],"replies":[{"embeddable":true,"href":"http:\/\/aurarustica-travel.com\/hr\/wp-json\/wp\/v2\/comments?post=266"}],"version-history":[{"count":17,"href":"http:\/\/aurarustica-travel.com\/hr\/wp-json\/wp\/v2\/pages\/266\/revisions"}],"predecessor-version":[{"id":1749,"href":"http:\/\/aurarustica-travel.com\/hr\/wp-json\/wp\/v2\/pages\/266\/revisions\/1749"}],"wp:attachment":[{"href":"http:\/\/aurarustica-travel.com\/hr\/wp-json\/wp\/v2\/media?parent=266"}],"curies":[{"name":"wp","href":"https:\/\/api.w.org\/{rel}","templated":true}]}}