{"id":335,"date":"2016-03-30T08:02:00","date_gmt":"2016-03-30T08:02:00","guid":{"rendered":"http:\/\/aurarustica-travel.com\/es\/contact\/"},"modified":"2019-04-29T13:06:29","modified_gmt":"2019-04-29T13:06:29","slug":"contact","status":"publish","type":"page","link":"http:\/\/aurarustica-travel.com\/es\/contact\/","title":{"rendered":"Contact"},"content":{"rendered":"<section class=\"wpb-content-wrapper\"><p>[vc_row][vc_column width=&#8221;7\/12&#8243;]<h1>Informaci\u00f3n<strong>del contacto<\/strong><\/h1>[vc_column_text]<\/p>\n<h5><strong>Aura Rustica<\/strong>\u00a0La agencia de viajes<\/h5>\n<p>49245 Gornja Stubica,<br \/>\nSamci 62, Croacia<\/p>\n<p>+385 98 18 56 789<br \/>\n+385 91 89 27 647<br \/>\ninfo@aurarustica-travel.com<\/p>\n<p>Registro: Trgova\u010dki sud u Zagrebu;<br \/>\nN\u00famero de inscripci\u00f3n: Tt-12\/7869-6;<br \/>\nCapital: 20.000,00 Kn<\/p>\n<p>OIB 86147185595;<br \/>\nMBS 080802376;<br \/>\nID HR-AB-49-080802376<br \/>\nIBAN: HR53 2340009 111 0693 798;<br \/>\nRepresentada por Dubravka Skuliber Stakor, fundador y director<br \/>\nDirector comercial: Kristina Stakor<br \/>\nHorario comercial: de lunes a viernes, de 09 a 17h<br \/>\nPresentaci\u00f3n de una queja: en la oficina o en el correo electr\u00f3nico: info@aurarustica-travel.com<br \/>\nAutoridad competente: Inspecci\u00f3n del Estado, Inspecci\u00f3n de Turismo, \u0160ubi\u0107eva 29, 10000 Zagreb<\/p>\n<p><a href=\"#\" target=\"_blank\" rel=\"noopener\">T\u00e9rminos Generales de Negocios<\/a><\/p>\n<p>Agencia de viajes Aura Rustica d.o.o. funciona de conformidad con la Ley general de protecci\u00f3n de datos y los actos de ejecuci\u00f3n de la Rep\u00fablica de Croacia que regulan la protecci\u00f3n de datos. Respetamos la privacidad de nuestros clientes en nuestro negocio y utilizamos la informaci\u00f3n personal de acuerdo con la ley con el prop\u00f3sito de la confirmaci\u00f3n de la reserva y la comunicaci\u00f3n con respecto a la realizaci\u00f3n de sus viajes. Sus datos personales se guardar\u00e1n cuidadosamente y no ser\u00e1n divulgados o accesibles a terceros a menos que dicha necesidad est\u00e9 relacionada con la realizaci\u00f3n del servicio contratado o regulado por la ley. Para m\u00e1s informaci\u00f3n puede contactarnos por correo electr\u00f3nico info@aurarustica-travel.com[\/vc_column_text][\/vc_column][vc_column width=&#8221;5\/12&#8243; css=&#8221;.vc_custom_1459327121012{padding-top: 10px !important;}&#8221;]\n<div class=\"wpcf7 no-js\" id=\"wpcf7-f992-o1\" lang=\"en-US\" dir=\"ltr\">\n<div class=\"screen-reader-response\"><p role=\"status\" aria-live=\"polite\" aria-atomic=\"true\"><\/p> <ul><\/ul><\/div>\n<form action=\"\/es\/wp-json\/wp\/v2\/pages\/335#wpcf7-f992-o1\" method=\"post\" class=\"wpcf7-form init\" aria-label=\"Contact form\" novalidate=\"novalidate\" data-status=\"init\">\n<div style=\"display: none;\">\n<input type=\"hidden\" name=\"_wpcf7\" value=\"992\" \/>\n<input type=\"hidden\" name=\"_wpcf7_version\" value=\"5.8.3\" \/>\n<input type=\"hidden\" name=\"_wpcf7_locale\" value=\"en_US\" \/>\n<input type=\"hidden\" name=\"_wpcf7_unit_tag\" value=\"wpcf7-f992-o1\" \/>\n<input type=\"hidden\" name=\"_wpcf7_container_post\" value=\"0\" \/>\n<input type=\"hidden\" name=\"_wpcf7_posted_data_hash\" value=\"\" \/>\n<input type=\"hidden\" name=\"_wpcf7_recaptcha_response\" value=\"\" \/>\n<\/div>\n<div class=\"contact\">\n\t<p><span class=\"wpcf7-form-control-wrap\" data-name=\"your-name\"><input size=\"40\" class=\"wpcf7-form-control wpcf7-text wpcf7-validates-as-required\" aria-required=\"true\" aria-invalid=\"false\" placeholder=\"Tu nombre\" value=\"\" type=\"text\" name=\"your-name\" \/><\/span><br \/>\n<span class=\"wpcf7-form-control-wrap\" data-name=\"your-email\"><input size=\"40\" class=\"wpcf7-form-control wpcf7-email wpcf7-validates-as-required wpcf7-text wpcf7-validates-as-email\" aria-required=\"true\" aria-invalid=\"false\" placeholder=\"Tu correo electr\u00f3nico\" value=\"\" type=\"email\" name=\"your-email\" \/><\/span><br \/>\n<span class=\"wpcf7-form-control-wrap\" data-name=\"your-tel\"><input size=\"40\" class=\"wpcf7-form-control wpcf7-tel wpcf7-text wpcf7-validates-as-tel\" aria-invalid=\"false\" placeholder=\"Su tel\u00e9fono\" value=\"\" type=\"tel\" name=\"your-tel\" \/><\/span><br \/>\n<span class=\"wpcf7-form-control-wrap\" data-name=\"your-subject\"><input size=\"40\" class=\"wpcf7-form-control wpcf7-text\" aria-invalid=\"false\" placeholder=\"Tu asunto\" value=\"\" type=\"text\" name=\"your-subject\" \/><\/span><br \/>\n<span class=\"wpcf7-form-control-wrap\" data-name=\"your-message\"><textarea cols=\"40\" rows=\"10\" class=\"wpcf7-form-control wpcf7-textarea\" aria-invalid=\"false\" placeholder=\"Tu mensaje\" name=\"your-message\"><\/textarea><\/span><br \/>\n<span class=\"wpcf7-form-control-wrap wpgdprc\"><span class=\"wpcf7-form-control wpcf7-wpgdprc wpcf7-validates-as-required\"><span class=\"wpcf7-list-item\"><input type=\"checkbox\" name=\"wpgdprc\" value=\"1\" aria-required=\"true\" aria-invalid=\"false\" \/><span class=\"wpcf7-list-item-label\">Al usar este formulario, usted acepta el almacenamiento y manejo de sus datos por este sitio web.<\/span><\/span><\/span>    <\/span><br \/>\n<a href=\"http:\/\/aurarustica-travel.com\/wp-content\/uploads\/2018\/12\/GDPR-aurarusticaES.pdf\" target=\"_blank\"> Pol\u00edtica de privacidad <\/a> puede leer <a href = \"http:\/\/aurarustica-travel.com\/wp-content\/uploads\/2018\/12\/GDPR-aurarusticaES.pdf\" target=\"_blank\"> aqu\u00ed <\/a>. Para acceder a su informaci\u00f3n, env\u00ede una <a href=\"http:\/\/aurarustica-travel.com\/es\/data-access-request\/\"> solicitud <\/a>....<br \/>\n\t<br \/>\n<button type=\"submit\" class=\"button\">Enviar<\/button>\n\t<\/p>\n<\/div><div class=\"wpcf7-response-output\" aria-hidden=\"true\"><\/div>\n<\/form>\n<\/div>\n[\/vc_column][\/vc_row][vc_row][vc_column offset=&#8221;vc_hidden-lg&#8221;]<div class=\"custom-map-wrapper\"><div id=\"eas1565sad11\"><\/div><\/div><script type=\"text\/javascript\" src=\"\/\/maps.googleapis.com\/maps\/api\/js?v=3.exp&key=AIzaSyCanqbNh3j0F6UXoLRTDHyd_FddMJL8C2I\"><\/script><script type=\"text\/javascript\">\n            \/\/ When the window has finished loading create our google map below\n            google.maps.event.addDomListener(window, \"load\", init);\n        \n            function init() {\n                \/\/ Basic options for a simple Google Map\n                \/\/ For more options see: https:\/\/developers.google.com\/maps\/documentation\/javascript\/reference#MapOptions\n                var mapOptions = {\n                    \/\/ How zoomed in you want the map to start at (always required)\n                    zoom: 16,\n\n                    \/\/ The latitude and longitude to center the map (always required)\n                    center: new google.maps.LatLng(45.9851997,16.0160372),\n\n                    \/\/ Disable scrollTop\n                    scrollwheel:  false,\n                    draggable: false,\n\n                    \/\/ How you would like to style the map. \n                    \/\/ This is where you would paste any style found on Snazzy Maps.\n                    styles: [{\"featureType\":\"road\",\"elementType\":\"geometry\",\"stylers\":[{\"lightness\":100},{\"visibility\":\"simplified\"}]},{\"featureType\":\"water\",\"elementType\":\"geometry\",\"stylers\":[{\"visibility\":\"on\"},{\"color\":\"#C6E2FF\"}]},{\"featureType\":\"poi\",\"elementType\":\"geometry.fill\",\"stylers\":[{\"color\":\"#C5E3BF\"}]},{\"featureType\":\"road\",\"elementType\":\"geometry.fill\",\"stylers\":[{\"color\":\"#D1D1B8\"}]}],\n\n                    mapTypeId: google.maps.MapTypeId.ROADMAP  \/\/ ROADMAP, SATELLITE, HYBRID, TERRAIN \n                };\n\n                \/\/ Get the HTML DOM element that will contain your map \n                \/\/ We are using a div with id=\"map\" seen below in the <body>\n                var mapElement = document.getElementById(\"eas1565sad11\");                \n\n                \/\/ Create the Google Map using our element and options defined above\n                var map_eas1565sad11 = new google.maps.Map(mapElement, mapOptions);\n\n\n                \/\/ Let`s also add a marker while we`re at it\n                var marker = new google.maps.Marker({\n                    position: new google.maps.LatLng(45.9851997,16.0160372),\n                    map: map_eas1565sad11,\n                    title: \"Aura Rustica\"\n                });\n\n\t\t\t\tvar infowindow = new google.maps.InfoWindow({\n\t\t\t\t\tcontent: \"Aura Rustica\"\n\t\t\t\t});\n\t\t\t\tmarker.addListener(\"click\", function() {\n\t\t\t\t    infowindow.open(map_eas1565sad11, marker);\n\t\t\t\t});\n            }\n        <\/script>\n        <style type=\"text\/css\">\n\t        #eas1565sad11 {\n\t        \theight: 450px;\n\t        \twidth: 100%;\n\t        }\n        <\/style>[\/vc_column][\/vc_row]<\/p>\n<\/section>","protected":false},"excerpt":{"rendered":"<p>[vc_row][vc_column width=&#8221;7\/12&#8243;][vc_column_text] Aura Rustica\u00a0La agencia de viajes 49245 Gornja Stubica, Samci 62, Croacia +385 98 18 56 789 +385 91 89 27 647 info@aurarustica-travel.com Registro: Trgova\u010dki sud u Zagrebu; N\u00famero de inscripci\u00f3n: Tt-12\/7869-6; Capital: 20.000,00 Kn OIB 86147185595; MBS 080802376; ID HR-AB-49-080802376 IBAN: HR53 [&hellip;]<\/p>\n","protected":false},"author":1,"featured_media":0,"parent":0,"menu_order":0,"comment_status":"closed","ping_status":"closed","template":"","meta":{"footnotes":""},"_links":{"self":[{"href":"http:\/\/aurarustica-travel.com\/es\/wp-json\/wp\/v2\/pages\/335"}],"collection":[{"href":"http:\/\/aurarustica-travel.com\/es\/wp-json\/wp\/v2\/pages"}],"about":[{"href":"http:\/\/aurarustica-travel.com\/es\/wp-json\/wp\/v2\/types\/page"}],"author":[{"embeddable":true,"href":"http:\/\/aurarustica-travel.com\/es\/wp-json\/wp\/v2\/users\/1"}],"replies":[{"embeddable":true,"href":"http:\/\/aurarustica-travel.com\/es\/wp-json\/wp\/v2\/comments?post=335"}],"version-history":[{"count":10,"href":"http:\/\/aurarustica-travel.com\/es\/wp-json\/wp\/v2\/pages\/335\/revisions"}],"predecessor-version":[{"id":1184,"href":"http:\/\/aurarustica-travel.com\/es\/wp-json\/wp\/v2\/pages\/335\/revisions\/1184"}],"wp:attachment":[{"href":"http:\/\/aurarustica-travel.com\/es\/wp-json\/wp\/v2\/media?parent=335"}],"curies":[{"name":"wp","href":"https:\/\/api.w.org\/{rel}","templated":true}]}}