{"id":289,"date":"2016-03-25T11:26:15","date_gmt":"2016-03-25T11:26:15","guid":{"rendered":"http:\/\/aurarustica-travel.com\/es\/homepage\/"},"modified":"2023-11-30T15:23:00","modified_gmt":"2023-11-30T15:23:00","slug":"homepage","status":"publish","type":"page","link":"http:\/\/aurarustica-travel.com\/es\/","title":{"rendered":"Homepage"},"content":{"rendered":"<section class=\"wpb-content-wrapper\"><p>[vc_row css=&#8221;.vc_custom_1459245350066{margin-bottom: 45px !important;}&#8221;][vc_column width=&#8221;1\/2&#8243;]<h1 class=\"wpb_animate_when_almost_visible wpb_left-to-right\" >Aura Rustica<strong>travel<\/strong><\/h1>[vc_column_text css_animation=&#8221;left-to-right&#8221;]<span class=\"\" title=\"\">La agencia de viajes Aura Rustica ofrece una gran variedad de visitas guiadas y excursiones en Croacia y en el extranjero con gu\u00edas profesionales y con licencia.<\/span><\/p>\n<p><span class=\"\" title=\"\">Brindamos servicios de gu\u00eda tur\u00edstica en ingl\u00e9s, espa\u00f1ol, alem\u00e1n y croata, as\u00ed como otros servicios tur\u00edsticos como reservas de alojamiento y viajes, servicios de conducci\u00f3n y gu\u00eda, asistencia en aeropuertos, organizaci\u00f3n de eventos, incentivos, conferencias, actividades culturales, religiosas, gastron\u00f3micas y activas.<\/span> <span title=\"\">tours.<\/span><\/p>\n<p><span class=\"\" title=\"\">Creemos en el trabajo en equipo y tambi\u00e9n ofrecemos un apoyo total a nuestros socios nacionales e internacionales.<\/span> <span class=\"\" title=\"\">Nuestro equipo nutre una buena asociaci\u00f3n con otros operadores tur\u00edsticos, agentes y compa\u00f1\u00edas.<\/span><\/p>\n<p><span title=\"\">Nuestros socios pueden confiar plenamente en nosotros.<\/span> <span title=\"\">Para informaci\u00f3n adicional, por favor cont\u00e1ctenos.<\/span>[\/vc_column_text]<a href=\"http:\/\/aurarustica-travel.com\/contact\/\" class=\"button left wpb_animate_when_almost_visible wpb_left-to-right\">Contact us<\/a>[\/vc_column][vc_column width=&#8221;1\/2&#8243;][vc_single_image image=&#8221;394&#8243; img_size=&#8221;large&#8221; alignment=&#8221;center&#8221; css_animation=&#8221;right-to-left&#8221;][\/vc_column][\/vc_row][vc_row full_width=&#8221;stretch_row&#8221; css=&#8221;.vc_custom_1459245293629{background-color: #f6f6f6 !important;}&#8221;][vc_column]<h2>Mejores destinaciones<\/h2><div class=\"owl-carousel offer-blocks\"><div class=\"owl-item\"><div class=\"carousel-block-holder\"><div class=\"carousel-block multiple\">\n\t\t\t\t\t\t\t<img loading=\"lazy\" decoding=\"async\" width=\"384\" height=\"256\" src=\"http:\/\/aurarustica-travel.com\/wp-content\/uploads\/2025\/07\/IMG_5437-1-384x256.jpg\" class=\"attachment-carousel-block size-carousel-block wp-post-image\" alt=\"makovi u baranji\" \/>\n\t\t\t\t\t\t\t<h3><span>Croacia<\/span>: Una experiencia completa<\/h3>\n\t\t\t\t\t\t\t<a href=\"http:\/\/aurarustica-travel.com\/es\/sin-categorizar\/croacia-experiencia-completa\/\" class=\"excerpt\">Desde monumentos romanos y majestuosas fortalezas hasta bodegas, impresionantes cascadas y el azul infinito del Adri\u00e1tico, Croacia presume de una historia rica, paisajes de ensue\u00f1o y una vibrante escena gastron\u00f3mica y enol\u00f3gica<\/a><\/div><div class=\"carousel-block multiple\">\n\t\t\t\t\t\t\t<img loading=\"lazy\" decoding=\"async\" width=\"384\" height=\"256\" src=\"http:\/\/aurarustica-travel.com\/wp-content\/uploads\/2023\/01\/sv.-juraj1-384x256.jpg\" class=\"attachment-carousel-block size-carousel-block wp-post-image\" alt=\"Zagreb walking tour\" \/>\n\t\t\t\t\t\t\t<h3><span>Zagreb<\/span> Cl\u00e1sico + Museo Tour Privado<\/h3>\n\t\t\t\t\t\t\t<a href=\"http:\/\/aurarustica-travel.com\/es\/sin-categorizar\/zagreb-clasico-museo-tour-privado\/\" class=\"excerpt\">Discubra arte, historia y vida cotidiana en Zagreb y visita uno de los museos interesantes en el centro<\/a><\/div><\/div><\/div><div class=\"owl-item\"><div class=\"carousel-block-holder\"><div class=\"carousel-block multiple\">\n\t\t\t\t\t\t\t<img loading=\"lazy\" decoding=\"async\" width=\"384\" height=\"256\" src=\"http:\/\/aurarustica-travel.com\/wp-content\/uploads\/2016\/03\/DSC_0050-min-384x256.jpg\" class=\"attachment-carousel-block size-carousel-block wp-post-image\" alt=\"st. mark&#039;s church zagreb\" \/>\n\t\t\t\t\t\t\t<h3><span>Zagreb<\/span> hist\u00f3rico: visita privada<\/h3>\n\t\t\t\t\t\t\t<a href=\"http:\/\/aurarustica-travel.com\/es\/sin-categorizar\/zagreb-historico-visita-guiada\/\" class=\"excerpt\">\u00a1Descubra arte, arquitectura, historia y la vida cotidiana de la capital croata paseando con nuestros gu\u00edas por las partes m\u00e1s antiguas de la ciudad! <\/a><\/div><div class=\"carousel-block multiple\">\n\t\t\t\t\t\t\t<img loading=\"lazy\" decoding=\"async\" width=\"384\" height=\"256\" src=\"http:\/\/aurarustica-travel.com\/wp-content\/uploads\/2023\/02\/cover-opatija-1-384x256.jpg\" class=\"attachment-carousel-block size-carousel-block wp-post-image\" alt=\"opatija\" \/>\n\t\t\t\t\t\t\t<h3><span>Opatija<\/span> y Kastav: La playa est\u00e1 a la vuelta de la esquina<\/h3>\n\t\t\t\t\t\t\t<a href=\"http:\/\/aurarustica-travel.com\/es\/sin-categorizar\/tour-privado-a-opatija-y-kastav\/\" class=\"excerpt\">La costa adriatica esta a la vuelta de la esquina!<\/a><\/div><\/div><\/div><div class=\"owl-item\"><div class=\"carousel-block-holder\"><div class=\"carousel-block multiple\">\n\t\t\t\t\t\t\t<img loading=\"lazy\" decoding=\"async\" width=\"384\" height=\"256\" src=\"http:\/\/aurarustica-travel.com\/wp-content\/uploads\/2023\/01\/IMG_6932a-384x256.jpg\" class=\"attachment-carousel-block size-carousel-block wp-post-image\" alt=\"zagreb private tour\" \/>\n\t\t\t\t\t\t\t<h3><span>Zagreb<\/span>: Paseo por el parque + caf\u00e9<\/h3>\n\t\t\t\t\t\t\t<a href=\"http:\/\/aurarustica-travel.com\/es\/sin-categorizar\/zagreb-visita-guiada-parque-y-cafe\/\" class=\"excerpt\">Ser turista en Zagreb es un camino de rosas \u2013 literalmente. Disfruta de la ciudad como locales y admira sus parques y arquitectura tomando un cafe con vistas preciosas<\/a><\/div><div class=\"carousel-block multiple\">\n\t\t\t\t\t\t\t<img loading=\"lazy\" decoding=\"async\" width=\"384\" height=\"256\" src=\"http:\/\/aurarustica-travel.com\/wp-content\/uploads\/2023\/02\/cover-trg-bana-jela\u010di\u0107a-384x256.jpg\" class=\"attachment-carousel-block size-carousel-block wp-post-image\" alt=\"croatian designer shopping tour\" \/>\n\t\t\t\t\t\t\t<h3><span>Tour<\/span> privado de dise\u00f1o croata<\/h3>\n\t\t\t\t\t\t\t<a href=\"http:\/\/aurarustica-travel.com\/es\/sin-categorizar\/tour-privado-de-diseno-croata\/\" class=\"excerpt\">\u00a1Descubra arte, arquitectura, historia y la vida cotidiana de la capital croata paseando con nuestros gu\u00edas por las partes m\u00e1s antiguas de la ciudad! <\/a><\/div><\/div><\/div><div class=\"owl-item\"><div class=\"carousel-block-holder\"><div class=\"carousel-block multiple\">\n\t\t\t\t\t\t\t<img loading=\"lazy\" decoding=\"async\" width=\"384\" height=\"256\" src=\"http:\/\/aurarustica-travel.com\/wp-content\/uploads\/2020\/02\/hvar-384x256.jpg\" class=\"attachment-carousel-block size-carousel-block wp-post-image\" alt=\"\" \/>\n\t\t\t\t\t\t\t<h3><span>Descubra<\/span> sus raices<\/h3>\n\t\t\t\t\t\t\t<a href=\"http:\/\/aurarustica-travel.com\/es\/special-offers-es\/descubra-sus-raices-viaje-croacia\/\" class=\"excerpt\">\u00a1Conozca la tierra de sus antepasados y la encantadora Croacia contempor\u00e1nea con nosotros!<\/a><\/div><div class=\"carousel-block multiple\">\n\t\t\t\t\t\t\t<img loading=\"lazy\" decoding=\"async\" width=\"384\" height=\"256\" src=\"http:\/\/aurarustica-travel.com\/wp-content\/uploads\/2019\/12\/IMG_E7318-384x256.jpg\" class=\"attachment-carousel-block size-carousel-block wp-post-image\" alt=\"\" \/>\n\t\t\t\t\t\t\t<h3><span>Los<\/span> secretos escondidos en las colinas<\/h3>\n\t\t\t\t\t\t\t<a href=\"http:\/\/aurarustica-travel.com\/es\/sin-categorizar\/secretos-en-colinas-excursion-zagorje\/\" class=\"excerpt\">Las afables colinas de la regi\u00f3n de Hrvatsko zagorje son mucho m\u00e1s que un paisaje pintoresco: son testigos de varios millones de a\u00f1os de la historia terrestre. Pruebas de diferentes procesos geol\u00f3gicos de la \u00e9poca volc\u00e1nica y de los tiempos del antiguo mar Pan\u00f3nico nos siguen rodeando, y son la raz\u00f3n detr\u00e1s de las caracter\u00edsticas tan \u00fanicas de Zagorje. Gracias a ello, hoy podemos disfru<\/a><\/div><\/div><\/div><div class=\"owl-item\"><div class=\"carousel-block-holder\"><div class=\"carousel-block multiple\">\n\t\t\t\t\t\t\t<img loading=\"lazy\" decoding=\"async\" width=\"384\" height=\"256\" src=\"http:\/\/aurarustica-travel.com\/wp-content\/uploads\/2019\/04\/zmaj3-384x256.jpg\" class=\"attachment-carousel-block size-carousel-block wp-post-image\" alt=\"\" \/>\n\t\t\t\t\t\t\t<h3><span>Cueva<\/span> de Postoina &#038; Liubliana: En la tierra de los dragones<\/h3>\n\t\t\t\t\t\t\t<a href=\"http:\/\/aurarustica-travel.com\/es\/sin-categorizar\/postojna_ljubljana\/\" class=\"excerpt\">\u00a1Descubra los paisajes m\u00e1gicos escondidos bajo la tierra y los or\u00edgenes m\u00edticos de la capital de Eslovenia!<\/a><\/div><div class=\"carousel-block multiple\">\n\t\t\t\t\t\t\t<img loading=\"lazy\" decoding=\"async\" width=\"384\" height=\"256\" src=\"http:\/\/aurarustica-travel.com\/wp-content\/uploads\/2018\/03\/2017-03-28-15.35.41-384x256.jpg\" class=\"attachment-carousel-block size-carousel-block wp-post-image\" alt=\"ljubljana\" \/>\n\t\t\t\t\t\t\t<h3><span>Liubliana<\/span> y Bled: Maravillas de Eslovenia<\/h3>\n\t\t\t\t\t\t\t<a href=\"http:\/\/aurarustica-travel.com\/es\/sin-categorizar\/ljubljana-y-bled\/\" class=\"excerpt\">\u00a1Visita la \u00fanica isla de Eslovenia y disfruta del ambiente encantador de Liubliana! <\/a><\/div><\/div><\/div><div class=\"owl-item\"><div class=\"carousel-block-holder\"><div class=\"carousel-block multiple\">\n\t\t\t\t\t\t\t<img loading=\"lazy\" decoding=\"async\" width=\"384\" height=\"256\" src=\"http:\/\/aurarustica-travel.com\/wp-content\/uploads\/2017\/05\/Truffle-plate-Prodan-Tartufi-384x256.jpg\" class=\"attachment-carousel-block size-carousel-block wp-post-image\" alt=\"truffles\" srcset=\"http:\/\/aurarustica-travel.com\/wp-content\/uploads\/2017\/05\/Truffle-plate-Prodan-Tartufi-384x256.jpg 384w, http:\/\/aurarustica-travel.com\/wp-content\/uploads\/2017\/05\/Truffle-plate-Prodan-Tartufi-300x201.jpg 300w, http:\/\/aurarustica-travel.com\/wp-content\/uploads\/2017\/05\/Truffle-plate-Prodan-Tartufi-768x513.jpg 768w, http:\/\/aurarustica-travel.com\/wp-content\/uploads\/2017\/05\/Truffle-plate-Prodan-Tartufi-1024x684.jpg 1024w\" sizes=\"(max-width: 384px) 100vw, 384px\" \/>\n\t\t\t\t\t\t\t<h3><span>Caza<\/span> de trufas en Istria<\/h3>\n\t\t\t\t\t\t\t<a href=\"http:\/\/aurarustica-travel.com\/es\/excursions-es\/caza-de-trufas-istria\/\" class=\"excerpt\">Descubra los secretos gastronomicos escondidos en el corazon de Istria!<\/a><\/div><div class=\"carousel-block multiple\">\n\t\t\t\t\t\t\t<img loading=\"lazy\" decoding=\"async\" width=\"384\" height=\"256\" src=\"http:\/\/aurarustica-travel.com\/wp-content\/uploads\/2018\/05\/IMG_5983-e1701772198548-384x256.jpg\" class=\"attachment-carousel-block size-carousel-block wp-post-image\" alt=\"wine tasting\" \/>\n\t\t\t\t\t\t\t<h3><span>Zagreb<\/span> Sabroso<\/h3>\n\t\t\t\t\t\t\t<a href=\"http:\/\/aurarustica-travel.com\/es\/sin-categorizar\/zagreb-sabroso\/\" class=\"excerpt\">Enjoy a walk around the historical city center of Zagreb, learn about history and culture and try Croatia's amazing wines and delicious bites! <\/a><\/div><\/div><\/div><\/div>[\/vc_column][\/vc_row][vc_row][vc_column]<h2>Ofertas especiales<\/h2><div class=\"owl-carousel offer-blocks\">\n\t\t\t\t<div class=\"owl-item\">\n\t\t\t\t\t<div class=\"carousel-block-holder\">\n\t\t\t\t\t\t<div class=\"carousel-block\">\n\t\t\t\t\t\t\t<img loading=\"lazy\" decoding=\"async\" width=\"384\" height=\"256\" src=\"http:\/\/aurarustica-travel.com\/wp-content\/uploads\/2025\/07\/IMG_5437-1-384x256.jpg\" class=\"attachment-carousel-block size-carousel-block wp-post-image\" alt=\"makovi u baranji\" \/>\n\t\t\t\t\t\t\t<h3><span>Croacia<\/span>: Una experiencia completa<\/h3>\n\t\t\t\t\t\t\t<a href=\"http:\/\/aurarustica-travel.com\/es\/sin-categorizar\/croacia-experiencia-completa\/\" class=\"excerpt\">Desde monumentos romanos y majestuosas fortalezas hasta bodegas, impresionantes cascadas y el azul infinito del Adri\u00e1tico, Croacia presume de una historia rica, paisajes de ensue\u00f1o y una vibrante escena gastron\u00f3mica y enol\u00f3gica<\/a>\n\t\t\t\t\t\t<\/div>\n\t\t\t\t\t<\/div>\n\t\t\t\t<\/div>\n\t\t\t\t<div class=\"owl-item\">\n\t\t\t\t\t<div class=\"carousel-block-holder\">\n\t\t\t\t\t\t<div class=\"carousel-block\">\n\t\t\t\t\t\t\t<img loading=\"lazy\" decoding=\"async\" width=\"384\" height=\"256\" src=\"http:\/\/aurarustica-travel.com\/wp-content\/uploads\/2023\/01\/sv.-juraj1-384x256.jpg\" class=\"attachment-carousel-block size-carousel-block wp-post-image\" alt=\"Zagreb walking tour\" \/>\n\t\t\t\t\t\t\t<h3><span>Zagreb<\/span> Cl\u00e1sico + Museo Tour Privado<\/h3>\n\t\t\t\t\t\t\t<a href=\"http:\/\/aurarustica-travel.com\/es\/sin-categorizar\/zagreb-clasico-museo-tour-privado\/\" class=\"excerpt\">Discubra arte, historia y vida cotidiana en Zagreb y visita uno de los museos interesantes en el centro<\/a>\n\t\t\t\t\t\t<\/div>\n\t\t\t\t\t<\/div>\n\t\t\t\t<\/div>\n\t\t\t\t<div class=\"owl-item\">\n\t\t\t\t\t<div class=\"carousel-block-holder\">\n\t\t\t\t\t\t<div class=\"carousel-block\">\n\t\t\t\t\t\t\t<img loading=\"lazy\" decoding=\"async\" width=\"384\" height=\"256\" src=\"http:\/\/aurarustica-travel.com\/wp-content\/uploads\/2016\/03\/DSC_0050-min-384x256.jpg\" class=\"attachment-carousel-block size-carousel-block wp-post-image\" alt=\"st. mark&#039;s church zagreb\" \/>\n\t\t\t\t\t\t\t<h3><span>Zagreb<\/span> hist\u00f3rico: visita privada<\/h3>\n\t\t\t\t\t\t\t<a href=\"http:\/\/aurarustica-travel.com\/es\/sin-categorizar\/zagreb-historico-visita-guiada\/\" class=\"excerpt\">\u00a1Descubra arte, arquitectura, historia y la vida cotidiana de la capital croata paseando con nuestros gu\u00edas por las partes m\u00e1s antiguas de la ciudad! <\/a>\n\t\t\t\t\t\t<\/div>\n\t\t\t\t\t<\/div>\n\t\t\t\t<\/div>\n\t\t\t\t<div class=\"owl-item\">\n\t\t\t\t\t<div class=\"carousel-block-holder\">\n\t\t\t\t\t\t<div class=\"carousel-block\">\n\t\t\t\t\t\t\t<img loading=\"lazy\" decoding=\"async\" width=\"384\" height=\"256\" src=\"http:\/\/aurarustica-travel.com\/wp-content\/uploads\/2023\/02\/cover-opatija-1-384x256.jpg\" class=\"attachment-carousel-block size-carousel-block wp-post-image\" alt=\"opatija\" \/>\n\t\t\t\t\t\t\t<h3><span>Opatija<\/span> y Kastav: La playa est\u00e1 a la vuelta de la esquina<\/h3>\n\t\t\t\t\t\t\t<a href=\"http:\/\/aurarustica-travel.com\/es\/sin-categorizar\/tour-privado-a-opatija-y-kastav\/\" class=\"excerpt\">La costa adriatica esta a la vuelta de la esquina!<\/a>\n\t\t\t\t\t\t<\/div>\n\t\t\t\t\t<\/div>\n\t\t\t\t<\/div>\n\t\t\t\t<div class=\"owl-item\">\n\t\t\t\t\t<div class=\"carousel-block-holder\">\n\t\t\t\t\t\t<div class=\"carousel-block\">\n\t\t\t\t\t\t\t<img loading=\"lazy\" decoding=\"async\" width=\"384\" height=\"256\" src=\"http:\/\/aurarustica-travel.com\/wp-content\/uploads\/2023\/01\/IMG_6932a-384x256.jpg\" class=\"attachment-carousel-block size-carousel-block wp-post-image\" alt=\"zagreb private tour\" \/>\n\t\t\t\t\t\t\t<h3><span>Zagreb<\/span>: Paseo por el parque + caf\u00e9<\/h3>\n\t\t\t\t\t\t\t<a href=\"http:\/\/aurarustica-travel.com\/es\/sin-categorizar\/zagreb-visita-guiada-parque-y-cafe\/\" class=\"excerpt\">Ser turista en Zagreb es un camino de rosas \u2013 literalmente. Disfruta de la ciudad como locales y admira sus parques y arquitectura tomando un cafe con vistas preciosas<\/a>\n\t\t\t\t\t\t<\/div>\n\t\t\t\t\t<\/div>\n\t\t\t\t<\/div>\n\t\t\t\t<div class=\"owl-item\">\n\t\t\t\t\t<div class=\"carousel-block-holder\">\n\t\t\t\t\t\t<div class=\"carousel-block\">\n\t\t\t\t\t\t\t<img loading=\"lazy\" decoding=\"async\" width=\"384\" height=\"256\" src=\"http:\/\/aurarustica-travel.com\/wp-content\/uploads\/2023\/02\/cover-trg-bana-jela\u010di\u0107a-384x256.jpg\" class=\"attachment-carousel-block size-carousel-block wp-post-image\" alt=\"croatian designer shopping tour\" \/>\n\t\t\t\t\t\t\t<h3><span>Tour<\/span> privado de dise\u00f1o croata<\/h3>\n\t\t\t\t\t\t\t<a href=\"http:\/\/aurarustica-travel.com\/es\/sin-categorizar\/tour-privado-de-diseno-croata\/\" class=\"excerpt\">\u00a1Descubra arte, arquitectura, historia y la vida cotidiana de la capital croata paseando con nuestros gu\u00edas por las partes m\u00e1s antiguas de la ciudad! <\/a>\n\t\t\t\t\t\t<\/div>\n\t\t\t\t\t<\/div>\n\t\t\t\t<\/div>\n\t\t\t\t<div class=\"owl-item\">\n\t\t\t\t\t<div class=\"carousel-block-holder\">\n\t\t\t\t\t\t<div class=\"carousel-block\">\n\t\t\t\t\t\t\t<img loading=\"lazy\" decoding=\"async\" width=\"384\" height=\"256\" src=\"http:\/\/aurarustica-travel.com\/wp-content\/uploads\/2020\/02\/hvar-384x256.jpg\" class=\"attachment-carousel-block size-carousel-block wp-post-image\" alt=\"\" \/>\n\t\t\t\t\t\t\t<h3><span>Descubra<\/span> sus raices<\/h3>\n\t\t\t\t\t\t\t<a href=\"http:\/\/aurarustica-travel.com\/es\/special-offers-es\/descubra-sus-raices-viaje-croacia\/\" class=\"excerpt\">\u00a1Conozca la tierra de sus antepasados y la encantadora Croacia contempor\u00e1nea con nosotros!<\/a>\n\t\t\t\t\t\t<\/div>\n\t\t\t\t\t<\/div>\n\t\t\t\t<\/div>\n\t\t\t\t<div class=\"owl-item\">\n\t\t\t\t\t<div class=\"carousel-block-holder\">\n\t\t\t\t\t\t<div class=\"carousel-block\">\n\t\t\t\t\t\t\t<img loading=\"lazy\" decoding=\"async\" width=\"384\" height=\"256\" src=\"http:\/\/aurarustica-travel.com\/wp-content\/uploads\/2019\/12\/IMG_E7318-384x256.jpg\" class=\"attachment-carousel-block size-carousel-block wp-post-image\" alt=\"\" \/>\n\t\t\t\t\t\t\t<h3><span>Los<\/span> secretos escondidos en las colinas<\/h3>\n\t\t\t\t\t\t\t<a href=\"http:\/\/aurarustica-travel.com\/es\/sin-categorizar\/secretos-en-colinas-excursion-zagorje\/\" class=\"excerpt\">Las afables colinas de la regi\u00f3n de Hrvatsko zagorje son mucho m\u00e1s que un paisaje pintoresco: son testigos de varios millones de a\u00f1os de la historia terrestre. Pruebas de diferentes procesos geol\u00f3gicos de la \u00e9poca volc\u00e1nica y de los tiempos del antiguo mar Pan\u00f3nico nos siguen rodeando, y son la raz\u00f3n detr\u00e1s de las caracter\u00edsticas tan \u00fanicas de Zagorje. Gracias a ello, hoy podemos disfru<\/a>\n\t\t\t\t\t\t<\/div>\n\t\t\t\t\t<\/div>\n\t\t\t\t<\/div>\n\t\t\t\t<div class=\"owl-item\">\n\t\t\t\t\t<div class=\"carousel-block-holder\">\n\t\t\t\t\t\t<div class=\"carousel-block\">\n\t\t\t\t\t\t\t<img loading=\"lazy\" decoding=\"async\" width=\"384\" height=\"256\" src=\"http:\/\/aurarustica-travel.com\/wp-content\/uploads\/2019\/04\/zmaj3-384x256.jpg\" class=\"attachment-carousel-block size-carousel-block wp-post-image\" alt=\"\" \/>\n\t\t\t\t\t\t\t<h3><span>Cueva<\/span> de Postoina &#038; Liubliana: En la tierra de los dragones<\/h3>\n\t\t\t\t\t\t\t<a href=\"http:\/\/aurarustica-travel.com\/es\/sin-categorizar\/postojna_ljubljana\/\" class=\"excerpt\">\u00a1Descubra los paisajes m\u00e1gicos escondidos bajo la tierra y los or\u00edgenes m\u00edticos de la capital de Eslovenia!<\/a>\n\t\t\t\t\t\t<\/div>\n\t\t\t\t\t<\/div>\n\t\t\t\t<\/div>\n\t\t\t\t<div class=\"owl-item\">\n\t\t\t\t\t<div class=\"carousel-block-holder\">\n\t\t\t\t\t\t<div class=\"carousel-block\">\n\t\t\t\t\t\t\t<img loading=\"lazy\" decoding=\"async\" width=\"384\" height=\"256\" src=\"http:\/\/aurarustica-travel.com\/wp-content\/uploads\/2018\/03\/2017-03-28-15.35.41-384x256.jpg\" class=\"attachment-carousel-block size-carousel-block wp-post-image\" alt=\"ljubljana\" \/>\n\t\t\t\t\t\t\t<h3><span>Liubliana<\/span> y Bled: Maravillas de Eslovenia<\/h3>\n\t\t\t\t\t\t\t<a href=\"http:\/\/aurarustica-travel.com\/es\/sin-categorizar\/ljubljana-y-bled\/\" class=\"excerpt\">\u00a1Visita la \u00fanica isla de Eslovenia y disfruta del ambiente encantador de Liubliana! <\/a>\n\t\t\t\t\t\t<\/div>\n\t\t\t\t\t<\/div>\n\t\t\t\t<\/div><\/div>[\/vc_column][\/vc_row][vc_row full_width=&#8221;stretch_row&#8221; css=&#8221;.vc_custom_1459774724223{margin-bottom: -80px !important;background-image: url(http:\/\/aurarustica-travel.com\/wp-content\/uploads\/2016\/03\/call-to-action-bg-compressor.jpg?id=337) !important;background-position: center !important;background-repeat: no-repeat !important;background-size: cover !important;}&#8221;][vc_column]\n\t\t\t<div class=\"call-to-action\">\n\t\t\t\t<div class=\"call-to-action-wrapper vc_col-sm-6 wpb_animate_when_almost_visible wpb_left-to-right\">\n\t\t\t\t\t<h3>Cont\u00e1ctenos<br \/>\n<strong>para su viaje perfecto<\/strong><\/h3>\n\t\t\t\t\t<h5>Aura Rustica puede ofrecerle los mejores planes de vacaciones con<br \/>\nprecio asequible y experiencia indolora.<\/h5>\n\t\t\t\t\t<a href=\"http:\/\/aurarustica-travel.com\/es\/contact\/\" class=\"button\">Contacto<\/a>\n\t\t\t\t<\/div>\n\t\t\t<\/div>\n\n\n\t\t\t[\/vc_column][\/vc_row]<\/p>\n<\/section>","protected":false},"excerpt":{"rendered":"<p>[vc_row css=&#8221;.vc_custom_1459245350066{margin-bottom: 45px !important;}&#8221;][vc_column width=&#8221;1\/2&#8243;][vc_column_text css_animation=&#8221;left-to-right&#8221;]La agencia de viajes Aura Rustica ofrece una gran variedad de visitas guiadas y excursiones en Croacia y en el extranjero con gu\u00edas profesionales y con licencia. Brindamos servicios de gu\u00eda tur\u00edstica en ingl\u00e9s, espa\u00f1ol, alem\u00e1n y croata, as\u00ed [&hellip;]<\/p>\n","protected":false},"author":1,"featured_media":0,"parent":0,"menu_order":0,"comment_status":"closed","ping_status":"closed","template":"","meta":{"footnotes":""},"_links":{"self":[{"href":"http:\/\/aurarustica-travel.com\/es\/wp-json\/wp\/v2\/pages\/289"}],"collection":[{"href":"http:\/\/aurarustica-travel.com\/es\/wp-json\/wp\/v2\/pages"}],"about":[{"href":"http:\/\/aurarustica-travel.com\/es\/wp-json\/wp\/v2\/types\/page"}],"author":[{"embeddable":true,"href":"http:\/\/aurarustica-travel.com\/es\/wp-json\/wp\/v2\/users\/1"}],"replies":[{"embeddable":true,"href":"http:\/\/aurarustica-travel.com\/es\/wp-json\/wp\/v2\/comments?post=289"}],"version-history":[{"count":11,"href":"http:\/\/aurarustica-travel.com\/es\/wp-json\/wp\/v2\/pages\/289\/revisions"}],"predecessor-version":[{"id":1748,"href":"http:\/\/aurarustica-travel.com\/es\/wp-json\/wp\/v2\/pages\/289\/revisions\/1748"}],"wp:attachment":[{"href":"http:\/\/aurarustica-travel.com\/es\/wp-json\/wp\/v2\/media?parent=289"}],"curies":[{"name":"wp","href":"https:\/\/api.w.org\/{rel}","templated":true}]}}